{"id":17,"date":"2025-06-15T15:33:05","date_gmt":"2025-06-15T13:33:05","guid":{"rendered":"https:\/\/hegering-tischler.de\/?page_id=17"},"modified":"2025-07-19T17:42:30","modified_gmt":"2025-07-19T15:42:30","slug":"impressum","status":"publish","type":"page","link":"https:\/\/hegering-tischler.de\/?page_id=17","title":{"rendered":"Impressum"},"content":{"rendered":"\t\t<div data-elementor-type=\"wp-page\" data-elementor-id=\"17\" class=\"elementor elementor-17\" data-elementor-post-type=\"page\">\n\t\t\t\t\t\t<section class=\"elementor-section elementor-top-section elementor-element elementor-element-5ab8057 elementor-section-height-min-height elementor-section-items-bottom elementor-section-boxed elementor-section-height-default\" data-id=\"5ab8057\" data-element_type=\"section\" data-e-type=\"section\" data-settings=\"{&quot;background_background&quot;:&quot;slideshow&quot;,&quot;background_slideshow_gallery&quot;:[{&quot;id&quot;:79,&quot;url&quot;:&quot;https:\\\/\\\/hegering-tischler.de\\\/wp-content\\\/uploads\\\/2025\\\/06\\\/477002452_1048630940595186_2549132739432165015_n-e1750063552488.jpg&quot;},{&quot;id&quot;:80,&quot;url&quot;:&quot;https:\\\/\\\/hegering-tischler.de\\\/wp-content\\\/uploads\\\/2025\\\/06\\\/480277572_1051610080297272_5629792254005053770_n.jpg&quot;},{&quot;id&quot;:112,&quot;url&quot;:&quot;https:\\\/\\\/hegering-tischler.de\\\/wp-content\\\/uploads\\\/2025\\\/06\\\/476163420_1044401384351475_8474159814060641071_n.jpg&quot;},{&quot;id&quot;:71,&quot;url&quot;:&quot;https:\\\/\\\/hegering-tischler.de\\\/wp-content\\\/uploads\\\/2025\\\/06\\\/473159053_1339180004188050_2766670402528104463_n.jpg&quot;},{&quot;id&quot;:70,&quot;url&quot;:&quot;https:\\\/\\\/hegering-tischler.de\\\/wp-content\\\/uploads\\\/2025\\\/06\\\/465150221_976504241141190_6668691535141144536_n.jpg&quot;},{&quot;id&quot;:83,&quot;url&quot;:&quot;https:\\\/\\\/hegering-tischler.de\\\/wp-content\\\/uploads\\\/2025\\\/06\\\/470868987_1320640359375348_3891569805418946568_n.jpg&quot;}],&quot;background_slideshow_ken_burns&quot;:&quot;yes&quot;,&quot;background_slideshow_loop&quot;:&quot;yes&quot;,&quot;background_slideshow_slide_duration&quot;:5000,&quot;background_slideshow_slide_transition&quot;:&quot;fade&quot;,&quot;background_slideshow_transition_duration&quot;:500,&quot;background_slideshow_ken_burns_zoom_direction&quot;:&quot;in&quot;}\">\n\t\t\t\t\t\t<div class=\"elementor-container elementor-column-gap-default\">\n\t\t\t\t\t<div class=\"elementor-column elementor-col-50 elementor-top-column elementor-element elementor-element-3bf8581\" data-id=\"3bf8581\" data-element_type=\"column\" data-e-type=\"column\" data-settings=\"{&quot;background_background&quot;:&quot;classic&quot;}\">\n\t\t\t<div class=\"elementor-widget-wrap elementor-element-populated\">\n\t\t\t\t\t\t<div class=\"elementor-element elementor-element-0042f4c elementor-widget elementor-widget-heading\" data-id=\"0042f4c\" data-element_type=\"widget\" data-e-type=\"widget\" data-widget_type=\"heading.default\">\n\t\t\t\t<div class=\"elementor-widget-container\">\n\t\t\t\t\t<h2 class=\"elementor-heading-title elementor-size-default\">Impressum<\/h2>\t\t\t\t<\/div>\n\t\t\t\t<\/div>\n\t\t\t\t\t<\/div>\n\t\t<\/div>\n\t\t\t\t<div class=\"elementor-column elementor-col-50 elementor-top-column elementor-element elementor-element-4549eef elementor-hidden-mobile\" data-id=\"4549eef\" data-element_type=\"column\" data-e-type=\"column\">\n\t\t\t<div class=\"elementor-widget-wrap\">\n\t\t\t\t\t\t\t<\/div>\n\t\t<\/div>\n\t\t\t\t\t<\/div>\n\t\t<\/section>\n\t\t\t\t<section class=\"elementor-section elementor-top-section elementor-element elementor-element-e3b3496 elementor-section-boxed elementor-section-height-default elementor-section-height-default\" data-id=\"e3b3496\" data-element_type=\"section\" data-e-type=\"section\">\n\t\t\t\t\t\t<div class=\"elementor-container elementor-column-gap-default\">\n\t\t\t\t\t<div class=\"elementor-column elementor-col-100 elementor-top-column elementor-element elementor-element-b5cd93d\" data-id=\"b5cd93d\" data-element_type=\"column\" data-e-type=\"column\">\n\t\t\t<div class=\"elementor-widget-wrap elementor-element-populated\">\n\t\t\t\t\t\t<div class=\"elementor-element elementor-element-a666a7e elementor-widget elementor-widget-text-editor\" data-id=\"a666a7e\" data-element_type=\"widget\" data-e-type=\"widget\" data-widget_type=\"text-editor.default\">\n\t\t\t\t<div class=\"elementor-widget-container\">\n\t\t\t\t\t\t\t\t\t<div class=\"csc-header csc-header-n1\"><h2 class=\"h2-section-title\">Impressum<\/h2><\/div><p class=\"bodytext\"><b>Angaben gem\u00e4\u00df \u00a7 5\u00a0<\/b><b>DDG<\/b><\/p><p class=\"bodytext\">Hegering &#8211; die Tischlerei mit Ideen<br \/>M\u00fchlenstr. 15<br \/>45659 Recklinghausen<\/p><p class=\"bodytext\"><b>Vertreten durch<\/b><\/p><p class=\"bodytext\">J\u00fcrgen Hegering (Gesch\u00e4ftsf\u00fchrer\/Inhaber)<\/p><p class=\"bodytext\"><b>Kontakt<\/b><\/p><p class=\"bodytext\">T. +49 (0)23 61 \/ 2 39 61<br \/><a href=\"mailto:info@hegering-tischler.de\">info@hegering-tischler.de<\/a><a href=\"http:\/\/www.hegering-tischler.de\/\"><br \/><\/a><\/p><p class=\"bodytext\"><b>Registereintrag<\/b><\/p><p class=\"bodytext\">Eintragung im Handelsregister.<br \/>Registergericht: Recklinghausen<br \/>Registernummer: HRA 2748<\/p><p class=\"bodytext\"><b>Umsatzsteuer-ID<\/b><\/p><p class=\"bodytext\">Umsatzsteuer-Identifikationsnummer gem\u00e4\u00df \u00a727 a Umsatzsteuergesetz:<br \/>DE 126388608<\/p><p class=\"bodytext\"><b>Zust\u00e4ndige Kammer<\/b><\/p><p class=\"bodytext\">Handwerkskammer M\u00fcnster<br \/>Bismarckallee 1, 48151 M\u00fcnster<br \/><a href=\"http:\/\/www.hwk-muenster.de\/\">www.hwk-muenster.de<\/a><\/p><p class=\"bodytext\"><b>Inhaltlich Verantwortlicher gem\u00e4\u00df \u00a7 55 Abs. 2 RStV<\/b><\/p><p class=\"bodytext\">J\u00fcrgen Hegering<br \/>M\u00fchlenstr. 15<br \/>45659 Recklinghausen<\/p><p class=\"bodytext\"><b>Allgemeine Gesch\u00e4ftsbedingungen<\/b><\/p><p class=\"bodytext\">g\u00fcltig in der Fassung vom 01.01.2018 (&gt;\u00a0<a class=\"download\" title=\"Opens internal link in current window\" href=\"https:\/\/www.hegering-tischler.de\/fileadmin\/download\/agb.pdf\">AGB-Download<\/a>)<\/p><p class=\"bodytext\"><b>Streitschlichtung<\/b><\/p><p class=\"bodytext\">Wir sind nicht bereit oder verpflichtet, an Streitbeilegungsverfahren vor einer Verbraucherschlichtungsstelle teilzunehmen.<\/p><p class=\"bodytext\"><b>Haftung f\u00fcr Inhalte<\/b><\/p><p class=\"bodytext\">Als Diensteanbieter sind wir gem\u00e4\u00df \u00a7 7 Abs.1 TMG f\u00fcr eigene Inhalte auf diesen Seiten nach den allgemeinen Gesetzen verantwortlich. Nach \u00a7\u00a7 8 bis 10 TMG sind wir als Diensteanbieter jedoch nicht verpflichtet, \u00fcbermittelte oder gespeicherte fremde Informationen zu \u00fcberwachen oder nach Umst\u00e4nden zu forschen, die auf eine rechtswidrige T\u00e4tigkeit hinweisen. Verpflichtungen zur Entfernung oder Sperrung der Nutzung von Informationen nach den allgemeinen Gesetzen bleiben hiervon unber\u00fchrt. Eine diesbez\u00fcgliche Haftung ist jedoch erst ab dem Zeitpunkt der Kenntnis einer konkreten Rechtsverletzung m\u00f6glich. Bei Bekanntwerden von entsprechenden Rechtsverletzungen werden wir diese Inhalte umgehend entfernen.<\/p><p class=\"bodytext\"><b>Haftung f\u00fcr Links<\/b><\/p><p class=\"bodytext\">Unser Angebot enth\u00e4lt Links zu externen Websites Dritter, auf deren Inhalte wir keinen Einfluss haben. Deshalb k\u00f6nnen wir f\u00fcr diese fremden Inhalte auch keine Gew\u00e4hr \u00fcbernehmen. F\u00fcr die Inhalte der verlinkten Seiten ist stets der jeweilige Anbieter oder Betreiber der Seiten verantwortlich. Die verlinkten Seiten wurden zum Zeitpunkt der Verlinkung auf m\u00f6gliche Rechtsverst\u00f6\u00dfe \u00fcberpr\u00fcft. Rechtswidrige Inhalte waren zum Zeitpunkt der Verlinkung nicht erkennbar. Eine permanente inhaltliche Kontrolle der verlinkten Seiten ist jedoch ohne konkrete Anhaltspunkte einer Rechtsverletzung nicht zumutbar. Bei Bekanntwerden von Rechtsverletzungen werden wir derartige Links umgehend entfernen.<\/p><p class=\"bodytext\"><b>Urheberrecht<\/b><\/p><p class=\"bodytext\">Die durch die Seitenbetreiber erstellten Inhalte und Werke auf diesen Seiten unterliegen dem deutschen Urheberrecht. Die Vervielf\u00e4ltigung, Bearbeitung, Verbreitung und jede Art der Verwertung au\u00dferhalb der Grenzen des Urheberrechtes bed\u00fcrfen der schriftlichen Zustimmung des jeweiligen Autors bzw. Erstellers. Downloads und Kopien dieser Seite sind nur f\u00fcr den privaten, nicht kommerziellen Gebrauch gestattet. Soweit die Inhalte auf dieser Seite nicht vom Betreiber erstellt wurden, werden die Urheberrechte Dritter beachtet. Insbesondere werden Inhalte Dritter als solche gekennzeichnet. Sollten Sie trotzdem auf eine Urheberrechtsverletzung aufmerksam werden, bitten wir um einen entsprechenden Hinweis. Bei Bekanntwerden von Rechtsverletzungen werden wir derartige Inhalte umgehend entfernen.<\/p><p class=\"bodytext\"><b>Bildquellennachweis<\/b><\/p><p class=\"bodytext\">Die auf dieser Website verwendeten Bilder stammen aus folgenden Quellen:<br \/>raumplus,\u00a0<a class=\"internal-link\" title=\"Opens internal link in current window\" href=\"https:\/\/www.hegering-tischler.de\/kontakt\/impressum\/bildnachweis\/\">iStockphoto<\/a>, KOMFORT ERLEBEN,\u00a0<a title=\"Pixelio.de\" href=\"http:\/\/www.pixelio.de\/\" target=\"_blank\" rel=\"noopener\">Pixelio.de<\/a>, eigenes Archiv.<\/p><p class=\"bodytext\">Quelle: eRecht24<\/p>\t\t\t\t\t\t\t\t<\/div>\n\t\t\t\t<\/div>\n\t\t\t\t\t<\/div>\n\t\t<\/div>\n\t\t\t\t\t<\/div>\n\t\t<\/section>\n\t\t\t\t<\/div>\n\t\t","protected":false},"excerpt":{"rendered":"<p>Impressum Impressum Angaben gem\u00e4\u00df \u00a7 5\u00a0DDG Hegering &#8211; die Tischlerei mit IdeenM\u00fchlenstr. 1545659 Recklinghausen Vertreten durch J\u00fcrgen Hegering (Gesch\u00e4ftsf\u00fchrer\/Inhaber) Kontakt [&hellip;]<\/p>\n","protected":false},"author":1,"featured_media":0,"parent":0,"menu_order":0,"comment_status":"closed","ping_status":"closed","template":"","meta":{"site-sidebar-layout":"no-sidebar","site-content-layout":"","ast-site-content-layout":"full-width-container","site-content-style":"default","site-sidebar-style":"default","ast-global-header-display":"","ast-banner-title-visibility":"","ast-main-header-display":"","ast-hfb-above-header-display":"","ast-hfb-below-header-display":"","ast-hfb-mobile-header-display":"","site-post-title":"disabled","ast-breadcrumbs-content":"","ast-featured-img":"disabled","footer-sml-layout":"","ast-disable-related-posts":"","theme-transparent-header-meta":"","adv-header-id-meta":"","stick-header-meta":"","header-above-stick-meta":"","header-main-stick-meta":"","header-below-stick-meta":"","astra-migrate-meta-layouts":"default","ast-page-background-enabled":"default","ast-page-background-meta":{"desktop":{"background-color":"var(--ast-global-color-5)","background-image":"","background-repeat":"repeat","background-position":"center center","background-size":"auto","background-attachment":"scroll","background-type":"","background-media":"","overlay-type":"","overlay-color":"","overlay-opacity":"","overlay-gradient":""},"tablet":{"background-color":"","background-image":"","background-repeat":"repeat","background-position":"center center","background-size":"auto","background-attachment":"scroll","background-type":"","background-media":"","overlay-type":"","overlay-color":"","overlay-opacity":"","overlay-gradient":""},"mobile":{"background-color":"","background-image":"","background-repeat":"repeat","background-position":"center center","background-size":"auto","background-attachment":"scroll","background-type":"","background-media":"","overlay-type":"","overlay-color":"","overlay-opacity":"","overlay-gradient":""}},"ast-content-background-meta":{"desktop":{"background-color":"var(--ast-global-color-4)","background-image":"","background-repeat":"repeat","background-position":"center center","background-size":"auto","background-attachment":"scroll","background-type":"","background-media":"","overlay-type":"","overlay-color":"","overlay-opacity":"","overlay-gradient":""},"tablet":{"background-color":"var(--ast-global-color-4)","background-image":"","background-repeat":"repeat","background-position":"center center","background-size":"auto","background-attachment":"scroll","background-type":"","background-media":"","overlay-type":"","overlay-color":"","overlay-opacity":"","overlay-gradient":""},"mobile":{"background-color":"var(--ast-global-color-4)","background-image":"","background-repeat":"repeat","background-position":"center center","background-size":"auto","background-attachment":"scroll","background-type":"","background-media":"","overlay-type":"","overlay-color":"","overlay-opacity":"","overlay-gradient":""}},"footnotes":""},"class_list":["post-17","page","type-page","status-publish","hentry"],"yoast_head":"<!-- This site is optimized with the Yoast SEO plugin v27.5 - https:\/\/yoast.com\/product\/yoast-seo-wordpress\/ -->\n<title>Impressum - Hegering Tischlerei<\/title>\n<meta name=\"robots\" content=\"index, follow, max-snippet:-1, max-image-preview:large, max-video-preview:-1\" \/>\n<link rel=\"canonical\" href=\"https:\/\/hegering-tischler.de\/?page_id=17\" \/>\n<meta property=\"og:locale\" content=\"de_DE\" \/>\n<meta property=\"og:type\" content=\"article\" \/>\n<meta property=\"og:title\" content=\"Impressum - Hegering Tischlerei\" \/>\n<meta property=\"og:description\" content=\"Impressum Impressum Angaben gem\u00e4\u00df \u00a7 5\u00a0DDG Hegering &#8211; die Tischlerei mit IdeenM\u00fchlenstr. 1545659 Recklinghausen Vertreten durch J\u00fcrgen Hegering (Gesch\u00e4ftsf\u00fchrer\/Inhaber) Kontakt [&hellip;]\" \/>\n<meta property=\"og:url\" content=\"https:\/\/hegering-tischler.de\/?page_id=17\" \/>\n<meta property=\"og:site_name\" content=\"Hegering Tischlerei\" \/>\n<meta property=\"article:modified_time\" content=\"2025-07-19T15:42:30+00:00\" \/>\n<meta name=\"twitter:card\" content=\"summary_large_image\" \/>\n<meta name=\"twitter:label1\" content=\"Gesch\u00e4tzte Lesezeit\" \/>\n\t<meta name=\"twitter:data1\" content=\"3\u00a0Minuten\" \/>\n<script type=\"application\/ld+json\" class=\"yoast-schema-graph\">{\"@context\":\"https:\\\/\\\/schema.org\",\"@graph\":[{\"@type\":\"WebPage\",\"@id\":\"https:\\\/\\\/hegering-tischler.de\\\/?page_id=17\",\"url\":\"https:\\\/\\\/hegering-tischler.de\\\/?page_id=17\",\"name\":\"Impressum - Hegering Tischlerei\",\"isPartOf\":{\"@id\":\"https:\\\/\\\/hegering-tischler.de\\\/#website\"},\"datePublished\":\"2025-06-15T13:33:05+00:00\",\"dateModified\":\"2025-07-19T15:42:30+00:00\",\"breadcrumb\":{\"@id\":\"https:\\\/\\\/hegering-tischler.de\\\/?page_id=17#breadcrumb\"},\"inLanguage\":\"de\",\"potentialAction\":[{\"@type\":\"ReadAction\",\"target\":[\"https:\\\/\\\/hegering-tischler.de\\\/?page_id=17\"]}]},{\"@type\":\"BreadcrumbList\",\"@id\":\"https:\\\/\\\/hegering-tischler.de\\\/?page_id=17#breadcrumb\",\"itemListElement\":[{\"@type\":\"ListItem\",\"position\":1,\"name\":\"Startseite\",\"item\":\"https:\\\/\\\/hegering-tischler.de\\\/\"},{\"@type\":\"ListItem\",\"position\":2,\"name\":\"Impressum\"}]},{\"@type\":\"WebSite\",\"@id\":\"https:\\\/\\\/hegering-tischler.de\\\/#website\",\"url\":\"https:\\\/\\\/hegering-tischler.de\\\/\",\"name\":\"Hegering Tischlerei\",\"description\":\"\",\"potentialAction\":[{\"@type\":\"SearchAction\",\"target\":{\"@type\":\"EntryPoint\",\"urlTemplate\":\"https:\\\/\\\/hegering-tischler.de\\\/?s={search_term_string}\"},\"query-input\":{\"@type\":\"PropertyValueSpecification\",\"valueRequired\":true,\"valueName\":\"search_term_string\"}}],\"inLanguage\":\"de\"}]}<\/script>\n<!-- \/ Yoast SEO plugin. -->","yoast_head_json":{"title":"Impressum - Hegering Tischlerei","robots":{"index":"index","follow":"follow","max-snippet":"max-snippet:-1","max-image-preview":"max-image-preview:large","max-video-preview":"max-video-preview:-1"},"canonical":"https:\/\/hegering-tischler.de\/?page_id=17","og_locale":"de_DE","og_type":"article","og_title":"Impressum - Hegering Tischlerei","og_description":"Impressum Impressum Angaben gem\u00e4\u00df \u00a7 5\u00a0DDG Hegering &#8211; die Tischlerei mit IdeenM\u00fchlenstr. 1545659 Recklinghausen Vertreten durch J\u00fcrgen Hegering (Gesch\u00e4ftsf\u00fchrer\/Inhaber) Kontakt [&hellip;]","og_url":"https:\/\/hegering-tischler.de\/?page_id=17","og_site_name":"Hegering Tischlerei","article_modified_time":"2025-07-19T15:42:30+00:00","twitter_card":"summary_large_image","twitter_misc":{"Gesch\u00e4tzte Lesezeit":"3\u00a0Minuten"},"schema":{"@context":"https:\/\/schema.org","@graph":[{"@type":"WebPage","@id":"https:\/\/hegering-tischler.de\/?page_id=17","url":"https:\/\/hegering-tischler.de\/?page_id=17","name":"Impressum - Hegering Tischlerei","isPartOf":{"@id":"https:\/\/hegering-tischler.de\/#website"},"datePublished":"2025-06-15T13:33:05+00:00","dateModified":"2025-07-19T15:42:30+00:00","breadcrumb":{"@id":"https:\/\/hegering-tischler.de\/?page_id=17#breadcrumb"},"inLanguage":"de","potentialAction":[{"@type":"ReadAction","target":["https:\/\/hegering-tischler.de\/?page_id=17"]}]},{"@type":"BreadcrumbList","@id":"https:\/\/hegering-tischler.de\/?page_id=17#breadcrumb","itemListElement":[{"@type":"ListItem","position":1,"name":"Startseite","item":"https:\/\/hegering-tischler.de\/"},{"@type":"ListItem","position":2,"name":"Impressum"}]},{"@type":"WebSite","@id":"https:\/\/hegering-tischler.de\/#website","url":"https:\/\/hegering-tischler.de\/","name":"Hegering Tischlerei","description":"","potentialAction":[{"@type":"SearchAction","target":{"@type":"EntryPoint","urlTemplate":"https:\/\/hegering-tischler.de\/?s={search_term_string}"},"query-input":{"@type":"PropertyValueSpecification","valueRequired":true,"valueName":"search_term_string"}}],"inLanguage":"de"}]}},"_links":{"self":[{"href":"https:\/\/hegering-tischler.de\/index.php?rest_route=\/wp\/v2\/pages\/17","targetHints":{"allow":["GET"]}}],"collection":[{"href":"https:\/\/hegering-tischler.de\/index.php?rest_route=\/wp\/v2\/pages"}],"about":[{"href":"https:\/\/hegering-tischler.de\/index.php?rest_route=\/wp\/v2\/types\/page"}],"author":[{"embeddable":true,"href":"https:\/\/hegering-tischler.de\/index.php?rest_route=\/wp\/v2\/users\/1"}],"replies":[{"embeddable":true,"href":"https:\/\/hegering-tischler.de\/index.php?rest_route=%2Fwp%2Fv2%2Fcomments&post=17"}],"version-history":[{"count":10,"href":"https:\/\/hegering-tischler.de\/index.php?rest_route=\/wp\/v2\/pages\/17\/revisions"}],"predecessor-version":[{"id":474,"href":"https:\/\/hegering-tischler.de\/index.php?rest_route=\/wp\/v2\/pages\/17\/revisions\/474"}],"wp:attachment":[{"href":"https:\/\/hegering-tischler.de\/index.php?rest_route=%2Fwp%2Fv2%2Fmedia&parent=17"}],"curies":[{"name":"wp","href":"https:\/\/api.w.org\/{rel}","templated":true}]}}